{"id":71,"date":"2021-10-12T12:49:48","date_gmt":"2021-10-12T10:49:48","guid":{"rendered":"http:\/\/icqaksi.cluster031.hosting.ovh.net\/?page_id=71"},"modified":"2025-09-19T15:54:38","modified_gmt":"2025-09-19T13:54:38","slug":"bulletin-municipal","status":"publish","type":"page","link":"https:\/\/mouzieys-panens.fr\/index.php\/bulletin-municipal\/","title":{"rendered":"Informations municipales"},"content":{"rendered":"\n<p><\/p>\n\n\n<div class=\"wp-block-image\">\n<figure class=\"aligncenter size-large\"><img loading=\"lazy\" decoding=\"async\" width=\"1024\" height=\"758\" src=\"https:\/\/mouzieys-panens.fr\/wp-content\/uploads\/2022\/06\/MairieMouzieys-1024x758.jpg\" alt=\"\" class=\"wp-image-1026\" srcset=\"https:\/\/mouzieys-panens.fr\/wp-content\/uploads\/2022\/06\/MairieMouzieys-1024x758.jpg 1024w, https:\/\/mouzieys-panens.fr\/wp-content\/uploads\/2022\/06\/MairieMouzieys-300x222.jpg 300w, https:\/\/mouzieys-panens.fr\/wp-content\/uploads\/2022\/06\/MairieMouzieys-768x568.jpg 768w, https:\/\/mouzieys-panens.fr\/wp-content\/uploads\/2022\/06\/MairieMouzieys-1536x1137.jpg 1536w, https:\/\/mouzieys-panens.fr\/wp-content\/uploads\/2022\/06\/MairieMouzieys-2048x1515.jpg 2048w\" sizes=\"(max-width: 1024px) 100vw, 1024px\" \/><\/figure><\/div>\n\n\n<hr class=\"wp-block-separator has-alpha-channel-opacity\"\/>\n\n\n\n<p class=\"has-large-font-size\"><strong>Proc\u00e8s-verbaux du conseil municipal 2025<\/strong><\/p>\n\n\n\n<hr class=\"wp-block-separator has-alpha-channel-opacity\"\/>\n\n\n\n<div data-wp-interactive=\"core\/file\" class=\"wp-block-file\"><object data-wp-bind--hidden=\"!state.hasPdfPreview\"  class=\"wp-block-file__embed\" data=\"https:\/\/mouzieys-panens.fr\/wp-content\/uploads\/2025\/09\/pv_2025_07_09_signe.pdf\" type=\"application\/pdf\" style=\"width:100%;height:600px\" aria-label=\"Contenu embarqu\u00e9 pv_2025_07_09_signe.\"><\/object><a id=\"wp-block-file--media-f9363e38-0866-4d0f-9e0a-a387368564a5\" href=\"https:\/\/mouzieys-panens.fr\/wp-content\/uploads\/2025\/09\/pv_2025_07_09_signe.pdf\">pv_2025_07_09_signe<\/a><a href=\"https:\/\/mouzieys-panens.fr\/wp-content\/uploads\/2025\/09\/pv_2025_07_09_signe.pdf\" class=\"wp-block-file__button wp-element-button\" download aria-describedby=\"wp-block-file--media-f9363e38-0866-4d0f-9e0a-a387368564a5\">T\u00e9l\u00e9charger<\/a><\/div>\n\n\n\n<hr class=\"wp-block-separator has-alpha-channel-opacity\"\/>\n\n\n\n<div data-wp-interactive=\"core\/file\" class=\"wp-block-file\"><object data-wp-bind--hidden=\"!state.hasPdfPreview\"  class=\"wp-block-file__embed\" data=\"https:\/\/mouzieys-panens.fr\/wp-content\/uploads\/2025\/09\/pv_2025_06_13_signe.pdf\" type=\"application\/pdf\" style=\"width:100%;height:600px\" aria-label=\"Contenu embarqu\u00e9 pv_2025_06_13_signe.\"><\/object><a id=\"wp-block-file--media-9e14bb9f-9675-4b8d-a3b4-a7c0f25ae110\" href=\"https:\/\/mouzieys-panens.fr\/wp-content\/uploads\/2025\/09\/pv_2025_06_13_signe.pdf\">pv_2025_06_13_signe<\/a><a href=\"https:\/\/mouzieys-panens.fr\/wp-content\/uploads\/2025\/09\/pv_2025_06_13_signe.pdf\" class=\"wp-block-file__button wp-element-button\" download aria-describedby=\"wp-block-file--media-9e14bb9f-9675-4b8d-a3b4-a7c0f25ae110\">T\u00e9l\u00e9charger<\/a><\/div>\n\n\n\n<hr class=\"wp-block-separator has-alpha-channel-opacity\"\/>\n\n\n\n<div data-wp-interactive=\"core\/file\" class=\"wp-block-file\"><object data-wp-bind--hidden=\"!state.hasPdfPreview\"  class=\"wp-block-file__embed\" data=\"https:\/\/mouzieys-panens.fr\/wp-content\/uploads\/2025\/09\/pv_2025_04_10_signe.pdf\" type=\"application\/pdf\" style=\"width:100%;height:600px\" aria-label=\"Contenu embarqu\u00e9 pv_2025_04_10_signe.\"><\/object><a id=\"wp-block-file--media-b91738f6-4302-411a-93ba-48ae1a70d586\" href=\"https:\/\/mouzieys-panens.fr\/wp-content\/uploads\/2025\/09\/pv_2025_04_10_signe.pdf\">pv_2025_04_10_signe<\/a><a href=\"https:\/\/mouzieys-panens.fr\/wp-content\/uploads\/2025\/09\/pv_2025_04_10_signe.pdf\" class=\"wp-block-file__button wp-element-button\" download aria-describedby=\"wp-block-file--media-b91738f6-4302-411a-93ba-48ae1a70d586\">T\u00e9l\u00e9charger<\/a><\/div>\n\n\n\n<hr class=\"wp-block-separator has-alpha-channel-opacity\"\/>\n\n\n\n<div data-wp-interactive=\"core\/file\" class=\"wp-block-file\"><object data-wp-bind--hidden=\"!state.hasPdfPreview\"  class=\"wp-block-file__embed\" data=\"https:\/\/mouzieys-panens.fr\/wp-content\/uploads\/2025\/09\/pv_2025_03_14_signe.pdf\" type=\"application\/pdf\" style=\"width:100%;height:600px\" aria-label=\"Contenu embarqu\u00e9 pv_2025_03_14_signe.\"><\/object><a id=\"wp-block-file--media-1e63d9fa-5481-4eab-aea4-4de500fbf446\" href=\"https:\/\/mouzieys-panens.fr\/wp-content\/uploads\/2025\/09\/pv_2025_03_14_signe.pdf\">pv_2025_03_14_signe<\/a><a href=\"https:\/\/mouzieys-panens.fr\/wp-content\/uploads\/2025\/09\/pv_2025_03_14_signe.pdf\" class=\"wp-block-file__button wp-element-button\" download aria-describedby=\"wp-block-file--media-1e63d9fa-5481-4eab-aea4-4de500fbf446\">T\u00e9l\u00e9charger<\/a><\/div>\n\n\n\n<hr class=\"wp-block-separator has-alpha-channel-opacity\"\/>\n\n\n\n<div data-wp-interactive=\"core\/file\" class=\"wp-block-file\"><object data-wp-bind--hidden=\"!state.hasPdfPreview\"  class=\"wp-block-file__embed\" data=\"https:\/\/mouzieys-panens.fr\/wp-content\/uploads\/2025\/03\/pv_2025_01_31_signe.pdf\" type=\"application\/pdf\" style=\"width:100%;height:600px\" aria-label=\"Contenu embarqu\u00e9 pv_2025_01_31_signe.\"><\/object><a id=\"wp-block-file--media-6579737c-813c-4eed-9cea-8582c3d1dbfc\" href=\"https:\/\/mouzieys-panens.fr\/wp-content\/uploads\/2025\/03\/pv_2025_01_31_signe.pdf\">pv_2025_01_31_signe<\/a><a href=\"https:\/\/mouzieys-panens.fr\/wp-content\/uploads\/2025\/03\/pv_2025_01_31_signe.pdf\" class=\"wp-block-file__button wp-element-button\" download aria-describedby=\"wp-block-file--media-6579737c-813c-4eed-9cea-8582c3d1dbfc\">T\u00e9l\u00e9charger<\/a><\/div>\n\n\n\n<hr class=\"wp-block-separator has-alpha-channel-opacity\"\/>\n\n\n\n<h2 class=\"wp-block-heading\"><strong>Proc\u00e8s-verbaux du conseil municipal<\/strong> <strong>2024<\/strong><\/h2>\n\n\n\n<hr class=\"wp-block-separator has-alpha-channel-opacity\"\/>\n\n\n\n<div data-wp-interactive=\"core\/file\" class=\"wp-block-file\"><object data-wp-bind--hidden=\"!state.hasPdfPreview\"  class=\"wp-block-file__embed\" data=\"https:\/\/mouzieys-panens.fr\/wp-content\/uploads\/2025\/02\/pv_2024_12_12_signe.pdf\" type=\"application\/pdf\" style=\"width:100%;height:600px\" aria-label=\"Contenu embarqu\u00e9 pv_2024_12_12_signe.\"><\/object><a id=\"wp-block-file--media-f10b5ea0-19f7-4d18-91c9-57305fb6a1ed\" href=\"https:\/\/mouzieys-panens.fr\/wp-content\/uploads\/2025\/02\/pv_2024_12_12_signe.pdf\">pv_2024_12_12_signe<\/a><a href=\"https:\/\/mouzieys-panens.fr\/wp-content\/uploads\/2025\/02\/pv_2024_12_12_signe.pdf\" class=\"wp-block-file__button wp-element-button\" download aria-describedby=\"wp-block-file--media-f10b5ea0-19f7-4d18-91c9-57305fb6a1ed\">T\u00e9l\u00e9charger<\/a><\/div>\n\n\n\n<hr class=\"wp-block-separator has-alpha-channel-opacity\"\/>\n\n\n\n<div data-wp-interactive=\"core\/file\" class=\"wp-block-file\"><object data-wp-bind--hidden=\"!state.hasPdfPreview\"  class=\"wp-block-file__embed\" data=\"https:\/\/mouzieys-panens.fr\/wp-content\/uploads\/2024\/05\/pv_2024_01_26.pdf\" type=\"application\/pdf\" style=\"width:100%;height:600px\" aria-label=\"Contenu embarqu\u00e9 pv_2024_01_26.\"><\/object><a id=\"wp-block-file--media-ede90237-65f2-4ff8-acc2-025664a5a18c\" href=\"https:\/\/mouzieys-panens.fr\/wp-content\/uploads\/2024\/05\/pv_2024_01_26.pdf\">pv_2024_01_26<\/a><a href=\"https:\/\/mouzieys-panens.fr\/wp-content\/uploads\/2024\/05\/pv_2024_01_26.pdf\" class=\"wp-block-file__button wp-element-button\" download aria-describedby=\"wp-block-file--media-ede90237-65f2-4ff8-acc2-025664a5a18c\">T\u00e9l\u00e9charger<\/a><\/div>\n\n\n\n<div data-wp-interactive=\"core\/file\" class=\"wp-block-file\"><object data-wp-bind--hidden=\"!state.hasPdfPreview\"  class=\"wp-block-file__embed\" data=\"https:\/\/mouzieys-panens.fr\/wp-content\/uploads\/2024\/05\/pv_2024_02_23.pdf\" type=\"application\/pdf\" style=\"width:100%;height:600px\" aria-label=\"Contenu embarqu\u00e9 pv_2024_02_23.\"><\/object><a id=\"wp-block-file--media-ee94b89a-8406-462f-bb16-2a229febe3b4\" href=\"https:\/\/mouzieys-panens.fr\/wp-content\/uploads\/2024\/05\/pv_2024_02_23.pdf\">pv_2024_02_23<\/a><a href=\"https:\/\/mouzieys-panens.fr\/wp-content\/uploads\/2024\/05\/pv_2024_02_23.pdf\" class=\"wp-block-file__button wp-element-button\" download aria-describedby=\"wp-block-file--media-ee94b89a-8406-462f-bb16-2a229febe3b4\">T\u00e9l\u00e9charger<\/a><\/div>\n\n\n\n<div data-wp-interactive=\"core\/file\" class=\"wp-block-file\"><object data-wp-bind--hidden=\"!state.hasPdfPreview\"  class=\"wp-block-file__embed\" data=\"https:\/\/mouzieys-panens.fr\/wp-content\/uploads\/2024\/05\/pv_2024_04_12-1.pdf\" type=\"application\/pdf\" style=\"width:100%;height:600px\" aria-label=\"Contenu embarqu\u00e9 pv_2024_04_12-1.\"><\/object><a id=\"wp-block-file--media-d14e3766-0003-42c9-9852-a5b29edddffb\" href=\"https:\/\/mouzieys-panens.fr\/wp-content\/uploads\/2024\/05\/pv_2024_04_12-1.pdf\">pv_2024_04_12-1<\/a><a href=\"https:\/\/mouzieys-panens.fr\/wp-content\/uploads\/2024\/05\/pv_2024_04_12-1.pdf\" class=\"wp-block-file__button wp-element-button\" download aria-describedby=\"wp-block-file--media-d14e3766-0003-42c9-9852-a5b29edddffb\">T\u00e9l\u00e9charger<\/a><\/div>\n\n\n\n<hr class=\"wp-block-separator has-alpha-channel-opacity\"\/>\n\n\n\n<div data-wp-interactive=\"core\/file\" class=\"wp-block-file\"><object data-wp-bind--hidden=\"!state.hasPdfPreview\"  class=\"wp-block-file__embed\" data=\"https:\/\/mouzieys-panens.fr\/wp-content\/uploads\/2024\/10\/pv_2024_08_30_signe.pdf\" type=\"application\/pdf\" style=\"width:100%;height:600px\" aria-label=\"Contenu embarqu\u00e9 pv_2024_08_30_signe.\"><\/object><a id=\"wp-block-file--media-e7b58431-4fbb-41f3-bef6-7d45482ace04\" href=\"https:\/\/mouzieys-panens.fr\/wp-content\/uploads\/2024\/10\/pv_2024_08_30_signe.pdf\">pv_2024_08_30_signe<\/a><a href=\"https:\/\/mouzieys-panens.fr\/wp-content\/uploads\/2024\/10\/pv_2024_08_30_signe.pdf\" class=\"wp-block-file__button wp-element-button\" download aria-describedby=\"wp-block-file--media-e7b58431-4fbb-41f3-bef6-7d45482ace04\">T\u00e9l\u00e9charger<\/a><\/div>\n\n\n\n<hr class=\"wp-block-separator has-alpha-channel-opacity\"\/>\n\n\n\n<div data-wp-interactive=\"core\/file\" class=\"wp-block-file\"><object data-wp-bind--hidden=\"!state.hasPdfPreview\"  class=\"wp-block-file__embed\" data=\"https:\/\/mouzieys-panens.fr\/wp-content\/uploads\/2024\/11\/pv_2024_10_11.pdf\" type=\"application\/pdf\" style=\"width:100%;height:600px\" aria-label=\"Contenu embarqu\u00e9 pv_2024_10_11.\"><\/object><a id=\"wp-block-file--media-f35c5d00-17d8-492e-b700-4ee0b7084bfa\" href=\"https:\/\/mouzieys-panens.fr\/wp-content\/uploads\/2024\/11\/pv_2024_10_11.pdf\">pv_2024_10_11<\/a><a href=\"https:\/\/mouzieys-panens.fr\/wp-content\/uploads\/2024\/11\/pv_2024_10_11.pdf\" class=\"wp-block-file__button wp-element-button\" download aria-describedby=\"wp-block-file--media-f35c5d00-17d8-492e-b700-4ee0b7084bfa\">T\u00e9l\u00e9charger<\/a><\/div>\n\n\n\n<hr class=\"wp-block-separator has-alpha-channel-opacity\"\/>\n\n\n\n<p class=\"has-medium-font-size\"><strong>ANNEE 2023<\/strong><\/p>\n\n\n\n<hr class=\"wp-block-separator has-alpha-channel-opacity\"\/>\n\n\n\n<div data-wp-interactive=\"core\/file\" class=\"wp-block-file\"><object data-wp-bind--hidden=\"!state.hasPdfPreview\"  class=\"wp-block-file__embed\" data=\"https:\/\/mouzieys-panens.fr\/wp-content\/uploads\/2023\/10\/pv_10_octobre_2023.pdf\" type=\"application\/pdf\" style=\"width:100%;height:600px\" aria-label=\"Contenu embarqu\u00e9 pv_10_octobre_2023.\"><\/object><a id=\"wp-block-file--media-0a876e20-382f-48cc-8af4-d8f23b68a687\" href=\"https:\/\/mouzieys-panens.fr\/wp-content\/uploads\/2023\/10\/pv_10_octobre_2023.pdf\">pv_10_octobre_2023<\/a><a href=\"https:\/\/mouzieys-panens.fr\/wp-content\/uploads\/2023\/10\/pv_10_octobre_2023.pdf\" class=\"wp-block-file__button wp-element-button\" download aria-describedby=\"wp-block-file--media-0a876e20-382f-48cc-8af4-d8f23b68a687\">T\u00e9l\u00e9charger<\/a><\/div>\n\n\n\n<div data-wp-interactive=\"core\/file\" class=\"wp-block-file\"><object data-wp-bind--hidden=\"!state.hasPdfPreview\"  class=\"wp-block-file__embed\" data=\"https:\/\/mouzieys-panens.fr\/wp-content\/uploads\/2023\/10\/pv_28_avril_2023.pdf\" type=\"application\/pdf\" style=\"width:100%;height:600px\" aria-label=\"Contenu embarqu\u00e9 pv_28_avril_2023.\"><\/object><a id=\"wp-block-file--media-2b5cc18f-d827-41b4-aa57-e1bbef6c6d40\" href=\"https:\/\/mouzieys-panens.fr\/wp-content\/uploads\/2023\/10\/pv_28_avril_2023.pdf\">pv_28_avril_2023<\/a><a href=\"https:\/\/mouzieys-panens.fr\/wp-content\/uploads\/2023\/10\/pv_28_avril_2023.pdf\" class=\"wp-block-file__button wp-element-button\" download aria-describedby=\"wp-block-file--media-2b5cc18f-d827-41b4-aa57-e1bbef6c6d40\">T\u00e9l\u00e9charger<\/a><\/div>\n\n\n\n<hr class=\"wp-block-separator has-alpha-channel-opacity\"\/>\n\n\n\n<div data-wp-interactive=\"core\/file\" class=\"wp-block-file\"><object data-wp-bind--hidden=\"!state.hasPdfPreview\"  class=\"wp-block-file__embed\" data=\"https:\/\/mouzieys-panens.fr\/wp-content\/uploads\/2023\/04\/pv_24_fevrier_2023.pdf\" type=\"application\/pdf\" style=\"width:100%;height:600px\" aria-label=\"Contenu embarqu\u00e9 pv_24_fevrier_2023.\"><\/object><a id=\"wp-block-file--media-59e20178-1b3b-4de2-8390-d4bdf08c181d\" href=\"https:\/\/mouzieys-panens.fr\/wp-content\/uploads\/2023\/04\/pv_24_fevrier_2023.pdf\">pv_24_fevrier_2023<\/a><a href=\"https:\/\/mouzieys-panens.fr\/wp-content\/uploads\/2023\/04\/pv_24_fevrier_2023.pdf\" class=\"wp-block-file__button wp-element-button\" download aria-describedby=\"wp-block-file--media-59e20178-1b3b-4de2-8390-d4bdf08c181d\">T\u00e9l\u00e9charger<\/a><\/div>\n\n\n\n<hr class=\"wp-block-separator has-alpha-channel-opacity\"\/>\n\n\n\n<div data-wp-interactive=\"core\/file\" class=\"wp-block-file\"><object data-wp-bind--hidden=\"!state.hasPdfPreview\"  class=\"wp-block-file__embed\" data=\"https:\/\/mouzieys-panens.fr\/wp-content\/uploads\/2023\/02\/pv_27_janvier_2023.pdf\" type=\"application\/pdf\" style=\"width:100%;height:600px\" aria-label=\"Contenu embarqu\u00e9 pv_27_janvier_2023.\"><\/object><a id=\"wp-block-file--media-1698e25a-b159-4552-ac2b-ca9d1476012e\" href=\"https:\/\/mouzieys-panens.fr\/wp-content\/uploads\/2023\/02\/pv_27_janvier_2023.pdf\">pv_27_janvier_2023<\/a><a href=\"https:\/\/mouzieys-panens.fr\/wp-content\/uploads\/2023\/02\/pv_27_janvier_2023.pdf\" class=\"wp-block-file__button wp-element-button\" download aria-describedby=\"wp-block-file--media-1698e25a-b159-4552-ac2b-ca9d1476012e\">T\u00e9l\u00e9charger<\/a><\/div>\n\n\n\n<hr class=\"wp-block-separator aligncenter has-alpha-channel-opacity is-style-wide\"\/>\n\n\n\n<h2 class=\"wp-block-heading\"><strong>La Gazette des cr\u00e9neaux- n\u00b032 &#8211; Juillet 2025<\/strong><\/h2>\n\n\n\n<hr class=\"wp-block-separator has-alpha-channel-opacity\"\/>\n\n\n\n<div data-wp-interactive=\"core\/file\" class=\"wp-block-file\"><object data-wp-bind--hidden=\"!state.hasPdfPreview\"  class=\"wp-block-file__embed\" data=\"https:\/\/mouzieys-panens.fr\/wp-content\/uploads\/2025\/07\/n\u00b032.pdf\" type=\"application\/pdf\" style=\"width:100%;height:600px\" aria-label=\"Contenu embarqu\u00e9 n\u00b032.\"><\/object><a id=\"wp-block-file--media-5b751700-eeef-48ae-bdcb-57369f5a2ddf\" href=\"https:\/\/mouzieys-panens.fr\/wp-content\/uploads\/2025\/07\/n\u00b032.pdf\">n\u00b032<\/a><a href=\"https:\/\/mouzieys-panens.fr\/wp-content\/uploads\/2025\/07\/n\u00b032.pdf\" class=\"wp-block-file__button wp-element-button\" download aria-describedby=\"wp-block-file--media-5b751700-eeef-48ae-bdcb-57369f5a2ddf\">T\u00e9l\u00e9charger<\/a><\/div>\n\n\n\n<hr class=\"wp-block-separator has-alpha-channel-opacity\"\/>\n\n\n\n<h2 class=\"wp-block-heading\"><strong>La Gazette des cr\u00e9neaux- n\u00b031 &#8211; Juillet 2024<\/strong><\/h2>\n\n\n\n<hr class=\"wp-block-separator has-alpha-channel-opacity\"\/>\n\n\n\n<div data-wp-interactive=\"core\/file\" class=\"wp-block-file\"><object data-wp-bind--hidden=\"!state.hasPdfPreview\"  class=\"wp-block-file__embed\" data=\"https:\/\/mouzieys-panens.fr\/wp-content\/uploads\/2024\/07\/bulletin_n_31-2.pdf\" type=\"application\/pdf\" style=\"width:100%;height:600px\" aria-label=\"Contenu embarqu\u00e9 bulletin_n_31-2.\"><\/object><a id=\"wp-block-file--media-37119a5e-a433-4fb5-adc0-07e0d54a8276\" href=\"https:\/\/mouzieys-panens.fr\/wp-content\/uploads\/2024\/07\/bulletin_n_31-2.pdf\">bulletin_n_31-2<\/a><a href=\"https:\/\/mouzieys-panens.fr\/wp-content\/uploads\/2024\/07\/bulletin_n_31-2.pdf\" class=\"wp-block-file__button wp-element-button\" download aria-describedby=\"wp-block-file--media-37119a5e-a433-4fb5-adc0-07e0d54a8276\">T\u00e9l\u00e9charger<\/a><\/div>\n\n\n\n<hr class=\"wp-block-separator has-alpha-channel-opacity\"\/>\n\n\n\n<h2 class=\"wp-block-heading has-text-align-center\"><strong>La Gazette des cr\u00e9neaux- n\u00b030 &#8211; Juillet 2022<\/strong><\/h2>\n\n\n\n<hr class=\"wp-block-separator has-alpha-channel-opacity\"\/>\n\n\n\n<div data-wp-interactive=\"core\/file\" class=\"wp-block-file\"><object data-wp-bind--hidden=\"!state.hasPdfPreview\"  class=\"wp-block-file__embed\" data=\"https:\/\/mouzieys-panens.fr\/wp-content\/uploads\/2022\/07\/GazetteDesCreneaux30.pdf\" type=\"application\/pdf\" style=\"width:100%;height:600px\" aria-label=\"Contenu embarqu\u00e9 GazetteDesCreneaux30.\"><\/object><a id=\"wp-block-file--media-733d67c1-bf1a-48ac-9b7e-8c7ffe8542e6\" href=\"https:\/\/mouzieys-panens.fr\/wp-content\/uploads\/2022\/07\/GazetteDesCreneaux30.pdf\">GazetteDesCreneaux30<\/a><a href=\"https:\/\/mouzieys-panens.fr\/wp-content\/uploads\/2022\/07\/GazetteDesCreneaux30.pdf\" class=\"wp-block-file__button wp-element-button\" download aria-describedby=\"wp-block-file--media-733d67c1-bf1a-48ac-9b7e-8c7ffe8542e6\">T\u00e9l\u00e9charger<\/a><\/div>\n\n\n\n<hr class=\"wp-block-separator has-alpha-channel-opacity\"\/>\n\n\n\n<p class=\"has-text-align-center\"><\/p>\n\n\n\n<p class=\"has-text-align-center has-large-font-size\"><a href=\"https:\/\/mouzieys-panens.fr\/index.php\/arretes-non-affiches-a-lecran\/\">Arr\u00eat\u00e9s non affich\u00e9s \u00e0 l&rsquo;\u00e9cran<\/a><\/p>\n\n\n\n<hr class=\"wp-block-separator has-alpha-channel-opacity\"\/>\n","protected":false},"excerpt":{"rendered":"<p>Proc\u00e8s-verbaux du conseil municipal 2025 Proc\u00e8s-verbaux du conseil municipal 2024 ANNEE 2023 La Gazette des cr\u00e9neaux- n\u00b032 &#8211; Juillet 2025 La Gazette des cr\u00e9neaux- n\u00b031 &#8211; Juillet 2024 La Gazette des cr\u00e9neaux- n\u00b030 &#8211; Juillet 2022 Arr\u00eat\u00e9s non affich\u00e9s \u00e0 l&rsquo;\u00e9cran<\/p>\n","protected":false},"author":1,"featured_media":0,"parent":0,"menu_order":0,"comment_status":"closed","ping_status":"closed","template":"","meta":{"footnotes":""},"_links":{"self":[{"href":"https:\/\/mouzieys-panens.fr\/index.php\/wp-json\/wp\/v2\/pages\/71"}],"collection":[{"href":"https:\/\/mouzieys-panens.fr\/index.php\/wp-json\/wp\/v2\/pages"}],"about":[{"href":"https:\/\/mouzieys-panens.fr\/index.php\/wp-json\/wp\/v2\/types\/page"}],"author":[{"embeddable":true,"href":"https:\/\/mouzieys-panens.fr\/index.php\/wp-json\/wp\/v2\/users\/1"}],"replies":[{"embeddable":true,"href":"https:\/\/mouzieys-panens.fr\/index.php\/wp-json\/wp\/v2\/comments?post=71"}],"version-history":[{"count":51,"href":"https:\/\/mouzieys-panens.fr\/index.php\/wp-json\/wp\/v2\/pages\/71\/revisions"}],"predecessor-version":[{"id":2743,"href":"https:\/\/mouzieys-panens.fr\/index.php\/wp-json\/wp\/v2\/pages\/71\/revisions\/2743"}],"wp:attachment":[{"href":"https:\/\/mouzieys-panens.fr\/index.php\/wp-json\/wp\/v2\/media?parent=71"}],"curies":[{"name":"wp","href":"https:\/\/api.w.org\/{rel}","templated":true}]}}