{"id":70,"date":"2021-10-12T12:49:48","date_gmt":"2021-10-12T10:49:48","guid":{"rendered":"http:\/\/icqaksi.cluster031.hosting.ovh.net\/?page_id=70"},"modified":"2024-02-02T10:17:25","modified_gmt":"2024-02-02T09:17:25","slug":"services","status":"publish","type":"page","link":"https:\/\/mouzieys-panens.fr\/index.php\/services\/","title":{"rendered":"Les services"},"content":{"rendered":"\n<p>Toute l\u2019ann\u00e9e  et sans interruption, la commune de Mouzieys Panens met en \u0153uvre  diff\u00e9rentes actions \u00e0 destination de ses habitants. D\u00e9couvrez ci-dessous  plus d\u2019informations sur le boulanger itin\u00e9rant, le mara\u00eecher livreur de  panier de l\u00e9gumes et les num\u00e9ros de t\u00e9l\u00e9phone de premi\u00e8re n\u00e9cessit\u00e9.&nbsp;<\/p>\n\n\n\n<hr class=\"wp-block-separator has-css-opacity\"\/>\n\n\n\n<p><strong>Mouzieys-Panens est une commune de la communaut\u00e9 de communes du Cordais et du Causse<\/strong><br><\/p>\n\n\n<div class=\"wp-block-image\">\n<figure class=\"aligncenter size-full\"><a href=\"http:\/\/4c81.fr\/\"><img loading=\"lazy\" decoding=\"async\" width=\"100\" height=\"60\" src=\"https:\/\/mouzieys-panens.fr\/wp-content\/uploads\/2022\/02\/logo-communaute-communes-cordais-causse-.webp\" alt=\"\" class=\"wp-image-633\"\/><\/a><\/figure><\/div>\n\n\n<figure class=\"wp-block-image size-full\"><img loading=\"lazy\" decoding=\"async\" width=\"714\" height=\"1024\" src=\"https:\/\/mouzieys-panens.fr\/wp-content\/uploads\/2024\/02\/Scan0014-1-714x1024-1.jpg\" alt=\"\" class=\"wp-image-1845\" srcset=\"https:\/\/mouzieys-panens.fr\/wp-content\/uploads\/2024\/02\/Scan0014-1-714x1024-1.jpg 714w, https:\/\/mouzieys-panens.fr\/wp-content\/uploads\/2024\/02\/Scan0014-1-714x1024-1-209x300.jpg 209w\" sizes=\"(max-width: 714px) 100vw, 714px\" \/><\/figure>\n\n\n\n<figure class=\"wp-block-image size-full\"><img loading=\"lazy\" decoding=\"async\" width=\"826\" height=\"850\" src=\"https:\/\/mouzieys-panens.fr\/wp-content\/uploads\/2024\/02\/jONES-1.jpeg\" alt=\"\" class=\"wp-image-1846\" srcset=\"https:\/\/mouzieys-panens.fr\/wp-content\/uploads\/2024\/02\/jONES-1.jpeg 826w, https:\/\/mouzieys-panens.fr\/wp-content\/uploads\/2024\/02\/jONES-1-292x300.jpeg 292w, https:\/\/mouzieys-panens.fr\/wp-content\/uploads\/2024\/02\/jONES-1-768x790.jpeg 768w\" sizes=\"(max-width: 826px) 100vw, 826px\" \/><\/figure>\n\n\n\n<hr class=\"wp-block-separator has-css-opacity\"\/>\n\n\n\n<h2 class=\"wp-block-heading has-text-align-center\" id=\"panier-de-legumes\"><strong>Paniers de l\u00e9gumes<\/strong><\/h2>\n\n\n\n<figure class=\"wp-block-image size-large\"><img loading=\"lazy\" decoding=\"async\" width=\"1024\" height=\"576\" src=\"https:\/\/mouzieys-panens.fr\/wp-content\/uploads\/2023\/03\/20220811_092918-1024x576.jpg\" alt=\"\" class=\"wp-image-1385\" srcset=\"https:\/\/mouzieys-panens.fr\/wp-content\/uploads\/2023\/03\/20220811_092918-1024x576.jpg 1024w, https:\/\/mouzieys-panens.fr\/wp-content\/uploads\/2023\/03\/20220811_092918-300x169.jpg 300w, https:\/\/mouzieys-panens.fr\/wp-content\/uploads\/2023\/03\/20220811_092918-768x432.jpg 768w, https:\/\/mouzieys-panens.fr\/wp-content\/uploads\/2023\/03\/20220811_092918-1536x864.jpg 1536w, https:\/\/mouzieys-panens.fr\/wp-content\/uploads\/2023\/03\/20220811_092918-2048x1152.jpg 2048w\" sizes=\"(max-width: 1024px) 100vw, 1024px\" \/><\/figure>\n\n\n\n<p>Des paniers 100%   locaux issus d\u2019un mara\u00eecher r\u00e9put\u00e9 de la r\u00e9gion. Ainsi, vous disposez   chaque semaine de nouveaux paniers frais et de qualit\u00e9, sans avoir \u00e0   vous d\u00e9placer. Afin de respecter le rythme naturel des l\u00e9gumes et de   b\u00e9n\u00e9ficier de leurs b\u00e9n\u00e9fices nutritionnels, ils sont enti\u00e8rement de   saison.  Pour passer commande ou recevoir plus d\u2019informations  sur les  l\u00e9gumes, prix et quantit\u00e9s propos\u00e9es, vous pouvez contacter  directement  le producteur via son adresse email :  maraichers.mouzieys@e-kiwi.fr <\/p>\n\n\n\n<hr class=\"wp-block-separator has-alpha-channel-opacity\"\/>\n\n\n\n<h2 class=\"wp-block-heading has-text-align-center\"><strong>\u00c9levage de Shipinours<\/strong><\/h2>\n\n\n<div class=\"wp-block-image\">\n<figure class=\"aligncenter size-large\"><img loading=\"lazy\" decoding=\"async\" width=\"1024\" height=\"708\" src=\"https:\/\/mouzieys-panens.fr\/wp-content\/uploads\/2022\/06\/elevage_shipinours_1-1024x708.jpg\" alt=\"\" class=\"wp-image-1041\" srcset=\"https:\/\/mouzieys-panens.fr\/wp-content\/uploads\/2022\/06\/elevage_shipinours_1-1024x708.jpg 1024w, https:\/\/mouzieys-panens.fr\/wp-content\/uploads\/2022\/06\/elevage_shipinours_1-300x208.jpg 300w, https:\/\/mouzieys-panens.fr\/wp-content\/uploads\/2022\/06\/elevage_shipinours_1-768x531.jpg 768w, https:\/\/mouzieys-panens.fr\/wp-content\/uploads\/2022\/06\/elevage_shipinours_1.jpg 1236w\" sizes=\"(max-width: 1024px) 100vw, 1024px\" \/><\/figure><\/div>\n\n<div class=\"wp-block-image\">\n<figure class=\"aligncenter size-large\"><img loading=\"lazy\" decoding=\"async\" width=\"1024\" height=\"715\" src=\"https:\/\/mouzieys-panens.fr\/wp-content\/uploads\/2022\/06\/elevage_shipinours_2-1024x715.jpg\" alt=\"\" class=\"wp-image-1042\" srcset=\"https:\/\/mouzieys-panens.fr\/wp-content\/uploads\/2022\/06\/elevage_shipinours_2-1024x715.jpg 1024w, https:\/\/mouzieys-panens.fr\/wp-content\/uploads\/2022\/06\/elevage_shipinours_2-300x210.jpg 300w, https:\/\/mouzieys-panens.fr\/wp-content\/uploads\/2022\/06\/elevage_shipinours_2-768x536.jpg 768w, https:\/\/mouzieys-panens.fr\/wp-content\/uploads\/2022\/06\/elevage_shipinours_2.jpg 1224w\" sizes=\"(max-width: 1024px) 100vw, 1024px\" \/><\/figure><\/div>\n\n\n<hr class=\"wp-block-separator has-alpha-channel-opacity\"\/>\n\n\n\n<figure class=\"wp-block-image size-large\"><img loading=\"lazy\" decoding=\"async\" width=\"1024\" height=\"1024\" src=\"https:\/\/mouzieys-panens.fr\/wp-content\/uploads\/2023\/06\/Gong-1024x1024.jpg\" alt=\"\" class=\"wp-image-1506\" srcset=\"https:\/\/mouzieys-panens.fr\/wp-content\/uploads\/2023\/06\/Gong.jpg 1024w, https:\/\/mouzieys-panens.fr\/wp-content\/uploads\/2023\/06\/Gong-300x300.jpg 300w, https:\/\/mouzieys-panens.fr\/wp-content\/uploads\/2023\/06\/Gong-150x150.jpg 150w, https:\/\/mouzieys-panens.fr\/wp-content\/uploads\/2023\/06\/Gong-768x768.jpg 768w\" sizes=\"(max-width: 1024px) 100vw, 1024px\" \/><\/figure>\n\n\n\n<hr class=\"wp-block-separator has-alpha-channel-opacity\"\/>\n\n\n\n<h2 class=\"wp-block-heading has-text-align-center\"><strong>Office de tourisme La Toscane Occitane<\/strong><\/h2>\n\n\n\n<figure class=\"wp-block-image size-full\"><a href=\"https:\/\/drive.google.com\/file\/d\/1c_5Fk9DgOHQFF2anqSNL1UTNx8cTZUhX\/view\"><img loading=\"lazy\" decoding=\"async\" width=\"760\" height=\"255\" src=\"https:\/\/mouzieys-panens.fr\/wp-content\/uploads\/2022\/11\/LaToscane.png\" alt=\"\" class=\"wp-image-1230\" srcset=\"https:\/\/mouzieys-panens.fr\/wp-content\/uploads\/2022\/11\/LaToscane.png 760w, https:\/\/mouzieys-panens.fr\/wp-content\/uploads\/2022\/11\/LaToscane-300x101.png 300w\" sizes=\"(max-width: 760px) 100vw, 760px\" \/><\/a><figcaption class=\"wp-element-caption\">Cliquez sur l&rsquo;image, s&rsquo;il vous plait.<\/figcaption><\/figure>\n\n\n<div class=\"wp-block-image\">\n<figure class=\"aligncenter size-full\"><a href=\"https:\/\/www.la-toscane-occitane.com\/\"><img loading=\"lazy\" decoding=\"async\" width=\"607\" height=\"440\" src=\"https:\/\/mouzieys-panens.fr\/wp-content\/uploads\/2022\/08\/ToscaneOccitane.png\" alt=\"\" class=\"wp-image-1117\" srcset=\"https:\/\/mouzieys-panens.fr\/wp-content\/uploads\/2022\/08\/ToscaneOccitane.png 607w, https:\/\/mouzieys-panens.fr\/wp-content\/uploads\/2022\/08\/ToscaneOccitane-300x217.png 300w\" sizes=\"(max-width: 607px) 100vw, 607px\" \/><\/a><figcaption class=\"wp-element-caption\">Cliquez sur l&rsquo;image, s&rsquo;il vous plait.<br>ou<br><a href=\"https:\/\/www.la-toscane-occitane.com\/\">https:\/\/www.la-toscane-occitane.com\/<\/a><\/figcaption><\/figure><\/div>\n\n\n<hr class=\"wp-block-separator has-css-opacity\"\/>\n\n\n\n<h2 class=\"wp-block-heading has-text-align-center\" id=\"espaces-france-services\"><strong>Espaces \u201cFrance services\u201d<\/strong><\/h2>\n\n\n\n<p class=\"has-text-align-center\">Les services du quotidien \u00e0 c\u00f4t\u00e9 de chez-vous !<\/p>\n\n\n\n<figure class=\"wp-block-image size-full\"><a href=\"http:\/\/4c81.fr\/maison-de-service-au-public\/\"><img loading=\"lazy\" decoding=\"async\" width=\"742\" height=\"411\" src=\"https:\/\/mouzieys-panens.fr\/wp-content\/uploads\/2022\/02\/FS-bandeau.png\" alt=\"\" class=\"wp-image-637\" srcset=\"https:\/\/mouzieys-panens.fr\/wp-content\/uploads\/2022\/02\/FS-bandeau.png 742w, https:\/\/mouzieys-panens.fr\/wp-content\/uploads\/2022\/02\/FS-bandeau-300x166.png 300w\" sizes=\"(max-width: 742px) 100vw, 742px\" \/><\/a><\/figure>\n\n\n\n<p><\/p>\n\n\n\n<hr class=\"wp-block-separator has-css-opacity\"\/>\n\n\n\n<h2 class=\"wp-block-heading has-text-align-center\" id=\"salle-des-fetes\"><strong>Salle des f\u00eates<\/strong><\/h2>\n\n\n\n<p>Vous d\u00e9sirez louer la salle des f\u00eates, il est possible de prendre connaissance du r\u00e8glement int\u00e9rieur et des tarifs de location en cliquant sur les liens de t\u00e9l\u00e9chargement ci-dessous. Il ne vous restera qu&rsquo;\u00e0 vous rendre \u00e0 la mairie pour y \u00e9tablir une convention de location.<\/p>\n\n\n<div class=\"wp-block-image\">\n<figure class=\"aligncenter size-full\"><img loading=\"lazy\" decoding=\"async\" width=\"300\" height=\"225\" src=\"https:\/\/mouzieys-panens.fr\/wp-content\/uploads\/2022\/02\/cache_2418669271.jpg\" alt=\"\" class=\"wp-image-647\"\/><\/figure><\/div>\n\n\n<hr class=\"wp-block-separator has-css-opacity\"\/>\n\n\n\n<div data-wp-interactive=\"core\/file\" class=\"wp-block-file\"><object data-wp-bind--hidden=\"!state.hasPdfPreview\"  class=\"wp-block-file__embed\" data=\"https:\/\/mouzieys-panens.fr\/wp-content\/uploads\/2023\/12\/sdf_reglement_interieur_novembre_2023-.pdf\" type=\"application\/pdf\" style=\"width:100%;height:600px\" aria-label=\"Contenu embarqu\u00e9 sdf_reglement_interieur_novembre_2023-.\"><\/object><a id=\"wp-block-file--media-875e418d-90cd-4864-9685-026124e2513a\" href=\"https:\/\/mouzieys-panens.fr\/wp-content\/uploads\/2023\/12\/sdf_reglement_interieur_novembre_2023-.pdf\">sdf_reglement_interieur_novembre_2023-<\/a><a href=\"https:\/\/mouzieys-panens.fr\/wp-content\/uploads\/2023\/12\/sdf_reglement_interieur_novembre_2023-.pdf\" class=\"wp-block-file__button wp-element-button\" download aria-describedby=\"wp-block-file--media-875e418d-90cd-4864-9685-026124e2513a\">T\u00e9l\u00e9charger<\/a><\/div>\n\n\n\n<p><\/p>\n\n\n\n<div data-wp-interactive=\"core\/file\" class=\"wp-block-file\"><object data-wp-bind--hidden=\"!state.hasPdfPreview\"  class=\"wp-block-file__embed\" data=\"https:\/\/mouzieys-panens.fr\/wp-content\/uploads\/2023\/12\/tarif_location_sdf_novembre_2023.pdf\" type=\"application\/pdf\" style=\"width:100%;height:600px\" aria-label=\"Contenu embarqu\u00e9 tarif_location_sdf_novembre_2023.\"><\/object><a id=\"wp-block-file--media-bc9e858e-c776-47ad-b346-a03eafba7e21\" href=\"https:\/\/mouzieys-panens.fr\/wp-content\/uploads\/2023\/12\/tarif_location_sdf_novembre_2023.pdf\">tarif_location_sdf_novembre_2023<\/a><a href=\"https:\/\/mouzieys-panens.fr\/wp-content\/uploads\/2023\/12\/tarif_location_sdf_novembre_2023.pdf\" class=\"wp-block-file__button wp-element-button\" download aria-describedby=\"wp-block-file--media-bc9e858e-c776-47ad-b346-a03eafba7e21\">T\u00e9l\u00e9charger<\/a><\/div>\n\n\n\n<div data-wp-interactive=\"core\/file\" class=\"wp-block-file\"><object data-wp-bind--hidden=\"!state.hasPdfPreview\"  class=\"wp-block-file__embed\" data=\"https:\/\/mouzieys-panens.fr\/wp-content\/uploads\/2023\/12\/convention_sdf_novembre_2023.pdf\" type=\"application\/pdf\" style=\"width:100%;height:600px\" aria-label=\"Contenu embarqu\u00e9 convention_sdf_novembre_2023.\"><\/object><a id=\"wp-block-file--media-dedfb164-b996-47ec-9f13-d7b9e618190e\" href=\"https:\/\/mouzieys-panens.fr\/wp-content\/uploads\/2023\/12\/convention_sdf_novembre_2023.pdf\">convention_sdf_novembre_2023<\/a><a href=\"https:\/\/mouzieys-panens.fr\/wp-content\/uploads\/2023\/12\/convention_sdf_novembre_2023.pdf\" class=\"wp-block-file__button wp-element-button\" download aria-describedby=\"wp-block-file--media-dedfb164-b996-47ec-9f13-d7b9e618190e\">T\u00e9l\u00e9charger<\/a><\/div>\n\n\n\n<ul>\n<li><\/li>\n<\/ul>\n\n\n\n<hr class=\"wp-block-separator has-alpha-channel-opacity\"\/>\n\n\n\n<h2 class=\"wp-block-heading has-text-align-center\" id=\"la-creche-parentale-la-coccinelle\"><strong>La cr\u00e8che parentale La Coccinelle<\/strong><\/h2>\n\n\n<div class=\"wp-block-image\">\n<figure class=\"aligncenter size-full\"><img loading=\"lazy\" decoding=\"async\" width=\"389\" height=\"167\" src=\"https:\/\/mouzieys-panens.fr\/wp-content\/uploads\/2022\/02\/cache_2418669272.jpg\" alt=\"\" class=\"wp-image-651\" srcset=\"https:\/\/mouzieys-panens.fr\/wp-content\/uploads\/2022\/02\/cache_2418669272.jpg 389w, https:\/\/mouzieys-panens.fr\/wp-content\/uploads\/2022\/02\/cache_2418669272-300x129.jpg 300w\" sizes=\"(max-width: 389px) 100vw, 389px\" \/><\/figure><\/div>\n\n\n<p class=\"has-text-align-center\">Centre Multi Accueil \u00e0 Gestion Parentale<br>1 chemin de Saint Jean<br>81170 LES CABANNES<br>05 63 56 14 47 <\/p>\n\n\n\n<hr class=\"wp-block-separator has-css-opacity\"\/>\n\n\n\n<h2 class=\"wp-block-heading has-text-align-center\" id=\"agence-postale-de-les-cabannes\"><strong>Agence postale de Les Cabannes<\/strong><\/h2>\n\n\n\n<p>L\u2019Agence Postale de Les Cabannes situ\u00e9e au Centre social(Esplanade de l\u2019Autan)sera ouverte le samedi matin de 9H00 \u00e0 12h30<\/p>\n\n\n\n<hr class=\"wp-block-separator has-css-opacity\"\/>\n\n\n\n<h2 class=\"wp-block-heading has-text-align-center\" id=\"friperie-associative-a-les-cabannes\"><strong>Friperie associative \u00e0 Les Cabannes<\/strong><\/h2>\n\n\n\n<p>D\u00e9p\u00f4t au magasin : r\u00e9cup\u00e8re tous v\u00eatements propres et petits objets.<br>Jours et heures d\u2019ouvertures :<br>Mardi  &gt;  9h30 \u00e0 12h<br>Mercredi  &gt; 10h \u00e0 12h30 et 15 h \u00e0 17h<br>Samedi  &gt; 10h \u00e0 12h30<\/p>\n\n\n\n<hr class=\"wp-block-separator has-css-opacity\"\/>\n\n\n\n<h2 class=\"wp-block-heading has-text-align-center\" id=\"dechetterie-de-les-cabannes\"><strong>D\u00e9chetterie de Les Cabannes<\/strong><\/h2>\n\n\n\n<p class=\"has-text-align-center\">Le syndicat TRIFYL a modifi\u00e9 les horaires d&rsquo;ouverture de la d\u00e9chetterie de Les Cabannes.<br>Mardi, mercredi, vendredi et samedi 9h \u00e0 12h et de 14h \u00e0 18h<\/p>\n\n\n\n<p><\/p>\n\n\n\n<div data-wp-interactive=\"core\/file\" class=\"wp-block-file\"><object data-wp-bind--hidden=\"!state.hasPdfPreview\"  class=\"wp-block-file__embed\" data=\"https:\/\/mouzieys-panens.fr\/wp-content\/uploads\/2022\/02\/Flyer-les-Cabannes.pdf\" type=\"application\/pdf\" style=\"width:100%;height:600px\" aria-label=\"Contenu embarqu\u00e9 Flyer-les-Cabannes.\"><\/object><a id=\"wp-block-file--media-02eb31f1-e1bd-4a7a-abd0-78c993dbfbd7\" href=\"https:\/\/mouzieys-panens.fr\/wp-content\/uploads\/2022\/02\/Flyer-les-Cabannes.pdf\">Flyer-les-Cabannes<\/a><a href=\"https:\/\/mouzieys-panens.fr\/wp-content\/uploads\/2022\/02\/Flyer-les-Cabannes.pdf\" class=\"wp-block-file__button wp-element-button\" download aria-describedby=\"wp-block-file--media-02eb31f1-e1bd-4a7a-abd0-78c993dbfbd7\">T\u00e9l\u00e9charger<\/a><\/div>\n\n\n\n<hr class=\"wp-block-separator has-css-opacity\"\/>\n\n\n\n<h2 class=\"wp-block-heading has-text-align-center\" id=\"observatoire-du-pays-de-l-albigeois-et-des-bastides\"><strong>Observatoire du pays de l&rsquo;Albigeois et des Bastides<\/strong><\/h2>\n\n\n\n<p>Le site de l&rsquo;Observatoire regroupe toutes les informations et connaissances th\u00e9matiques du Pays (\u00e9conomie, environnement, habitat&#8230;). De plus, l&rsquo;Observatoire permet d&rsquo;\u00e9tablir une recherche des acteurs et services proche de votre commune (producteurs en vente directe, logements communaux en location, terrains \u00e0 b\u00e2tir, acteurs et services de la culture ou de la vie quotidienne&#8230;).<br>\u00c0 d\u00e9couvrir sur ces liens :<br><br><a href=\"https:\/\/www.pays-albigeois-bastides.org\/\" target=\"_blank\" rel=\"noreferrer noopener\">https:\/\/www.pays-albigeois-bastides.org\/<\/a><br><br><a href=\"https:\/\/www.albi-tourisme.fr\/fr\/observatoire-touristique\" target=\"_blank\" rel=\"noreferrer noopener\">https:\/\/www.albi-tourisme.fr\/fr\/observatoire-touristique<\/a><br><\/p>\n\n\n\n<hr class=\"wp-block-separator has-css-opacity\"\/>\n\n\n<div class=\"wp-block-image\">\n<figure class=\"aligncenter size-large\"><a href=\"https:\/\/www.gastronomieconseil.fr\/\"><img loading=\"lazy\" decoding=\"async\" width=\"726\" height=\"1024\" src=\"https:\/\/mouzieys-panens.fr\/wp-content\/uploads\/2023\/11\/JeanLucDenonain-726x1024.png\" alt=\"\" class=\"wp-image-1743\" srcset=\"https:\/\/mouzieys-panens.fr\/wp-content\/uploads\/2023\/11\/JeanLucDenonain-726x1024.png 726w, https:\/\/mouzieys-panens.fr\/wp-content\/uploads\/2023\/11\/JeanLucDenonain-213x300.png 213w, https:\/\/mouzieys-panens.fr\/wp-content\/uploads\/2023\/11\/JeanLucDenonain-768x1083.png 768w, https:\/\/mouzieys-panens.fr\/wp-content\/uploads\/2023\/11\/JeanLucDenonain-1090x1536.png 1090w, https:\/\/mouzieys-panens.fr\/wp-content\/uploads\/2023\/11\/JeanLucDenonain.png 1240w\" sizes=\"(max-width: 726px) 100vw, 726px\" \/><\/a><\/figure><\/div>\n\n\n<hr class=\"wp-block-separator has-css-opacity\"\/>\n\n\n\n<h2 class=\"wp-block-heading has-text-align-center\" id=\"transport-routier-ligne-707\"><strong>Transport routier ligne 707<\/strong><\/h2>\n\n\n\n<p>du lundi au vendredi  ( en p\u00e9riode scolaire ) <br>d\u00e9part de Milhars \u00e0 6 h 40 ,,,  Vindrac &#8211; gare \u00e0 6 h 50,,, de Cordes 7 h 00<br><br>Un vaste r\u00e9seau de transport en commun est \u00e9tabli dans le Tarn.<br>Vous trouverez le plan des lignes, les tarifs ainsi que les horaires en cliquant sur le lien ci-dessous.<br><br>Pour le canton de Cordes-sur-Ciel, dont d\u00e9pend la commune de  Mouzieys-Panens, la ligne vers Albi est la 707. Elle est assur\u00e9e par les  cars Coulom,&nbsp; groupe Ruban Bleu. <\/p>\n\n\n\n<div data-wp-interactive=\"core\/file\" class=\"wp-block-file\"><object data-wp-bind--hidden=\"!state.hasPdfPreview\"  class=\"wp-block-file__embed\" data=\"https:\/\/mouzieys-panens.fr\/wp-content\/uploads\/2022\/02\/TarnBus_FicheHoraire707.pdf\" type=\"application\/pdf\" style=\"width:100%;height:600px\" aria-label=\"Contenu embarqu\u00e9 TarnBus_FicheHoraire707.\"><\/object><a id=\"wp-block-file--media-54c17966-5973-46ee-b933-a8e7c7613c14\" href=\"https:\/\/mouzieys-panens.fr\/wp-content\/uploads\/2022\/02\/TarnBus_FicheHoraire707.pdf\">TarnBus_FicheHoraire707<\/a><a href=\"https:\/\/mouzieys-panens.fr\/wp-content\/uploads\/2022\/02\/TarnBus_FicheHoraire707.pdf\" class=\"wp-block-file__button wp-element-button\" download aria-describedby=\"wp-block-file--media-54c17966-5973-46ee-b933-a8e7c7613c14\">T\u00e9l\u00e9charger<\/a><\/div>\n\n\n\n<hr class=\"wp-block-separator has-css-opacity\"\/>\n\n\n\n<h2 class=\"wp-block-heading has-text-align-center\" id=\"transport-scolaire\"><strong>Transport scolaire<\/strong><\/h2>\n\n\n\n<p class=\"has-text-align-center\">Toutes vos questions sur le transport scolaire : carte, ramassage,  perturbations dues aux intemp\u00e9ries&#8230; sur le site de la FEDERTEEP, \u00e0  l&rsquo;adresse suivante :<br><a href=\"https:\/\/federteep.org\/\">https:\/\/federteep.org\/<\/a><\/p>\n\n\n\n<hr class=\"wp-block-separator has-css-opacity\"\/>\n\n\n\n<h2 class=\"wp-block-heading has-text-align-center\" id=\"transport-aerien\"><strong>Transport a\u00e9rien<\/strong><\/h2>\n\n\n\n<p class=\"has-text-align-center\">Envie ou besoin de prendre l&rsquo;avion, de conna\u00eetre les heures de d\u00e9part ou d&rsquo;arriv\u00e9e, consultez le site \u00e0 l&rsquo;adresse ci-dessous:<br><a href=\"https:\/\/www.toulouse.aeroport.fr\/\">https:\/\/www.toulouse.aeroport.fr\/<\/a><\/p>\n\n\n\n<hr class=\"wp-block-separator has-css-opacity\"\/>\n\n\n\n<div class=\"wp-block-columns is-layout-flex wp-container-core-columns-is-layout-1 wp-block-columns-is-layout-flex\">\n<div class=\"wp-block-column is-layout-flow wp-block-column-is-layout-flow\" style=\"flex-basis:100%\">\n<h2 class=\"wp-block-heading has-text-align-center\" id=\"boulangerie\"><strong>Boulangerie<\/strong><\/h2>\n<\/div>\n<\/div>\n\n\n\n<p>Parmi les nombreux services propres \u00e0 la commune de Mouzieys Panens, nous disposons d\u2019une boulangerie itin\u00e9rante. Une boulangerie sur roues qui fabrique chaque matin son pain et vient le livrer directement chez l\u2019habitant une fois la commande pass\u00e9e au pr\u00e9alable. Le boulanger apporte tout son savoir-faire et sa passion pour le bon pain, qu\u2019il pr\u00e9pare de mani\u00e8re artisanale et \u00e0 partir des bons produits frais. C\u2019est ainsi que la boulangerie ARAGON Le S\u00e9gur vous propose : \u2013 Une livraison \u00e0 domicile \u00e0 Mouzieys-Panens ; \u2013 Chaque vendredi matin, le boulanger d\u00e9pose le pain chez vous.<\/p>\n\n\n<div class=\"wp-block-image\">\n<figure class=\"aligncenter size-full\"><img loading=\"lazy\" decoding=\"async\" width=\"400\" height=\"529\" src=\"https:\/\/mouzieys-panens.fr\/wp-content\/uploads\/2022\/01\/boulanger.png\" alt=\"\" class=\"wp-image-398\" srcset=\"https:\/\/mouzieys-panens.fr\/wp-content\/uploads\/2022\/01\/boulanger.png 400w, https:\/\/mouzieys-panens.fr\/wp-content\/uploads\/2022\/01\/boulanger-227x300.png 227w\" sizes=\"(max-width: 400px) 100vw, 400px\" \/><\/figure><\/div>\n\n\n<div class=\"wp-block-columns is-layout-flex wp-container-core-columns-is-layout-2 wp-block-columns-is-layout-flex\">\n<div class=\"wp-block-column is-layout-flow wp-block-column-is-layout-flow\">\n<p><strong>Prix du pain :<\/strong><\/p>\n\n\n\n<p>Baguette<\/p>\n\n\n\n<p>Epis<\/p>\n\n\n\n<p>S\u00e9gurette<\/p>\n\n\n\n<p>Flute (400 gr) &gt; 1.70&nbsp; &nbsp; &nbsp;Scie (400 gr) &gt; 1.50\u20ac<\/p>\n\n\n\n<p>Maxi S\u00e9gurette (400 gr) &gt; 1.60 \u20ac<\/p>\n\n\n\n<p>Couronne, Tr\u00e8fle, Miche (800 gr) &gt; 2.60 \u20ac  <\/p>\n\n\n\n<p>Gros pain (1200 gr) &gt; 3.60 \u20ac<\/p>\n<\/div>\n\n\n\n<div class=\"wp-block-column is-layout-flow wp-block-column-is-layout-flow\">\n<p><\/p>\n\n\n\n<p>Couronne, Tr\u00e8fle, Miche (1200 gr) &gt; 2.70 \u20ac&nbsp; <\/p>\n\n\n\n<p>Pain complet &gt; 6.20 \u20ac \/ kg Sac de pain dur 3.00 \u20ac Pain au ma\u00efs &gt; 2.70 \u20ac&nbsp; <\/p>\n\n\n\n<p>Viennoiserie&nbsp; Croissant &gt; 1.10\u20ac <\/p>\n\n\n\n<p>Chocolatine &gt; 1.10\u20ac&nbsp; Pain aux raisins &gt; 1.10 \u20ac&nbsp;<\/p>\n<\/div>\n<\/div>\n\n\n\n<p>Pour toute demande de renseignement, n\u2019h\u00e9sitez pas \u00e0 appeler au 05.63.80.04.50 (le matin uniquement).&nbsp;<\/p>\n\n\n\n<hr class=\"wp-block-separator has-css-opacity\"\/>\n\n\n\n<h2 class=\"wp-block-heading has-text-align-center\" id=\"numeros-utiles\"><strong>Num\u00e9ros utiles<\/strong> <\/h2>\n\n\n\n<p>Pompiers : 18<\/p>\n\n\n\n<p>SAMU : 15 ou 112<\/p>\n\n\n\n<p>Gendarmerie : 05.63.56.48.15<\/p>\n\n\n\n<p>EDF urgence d\u00e9pannages : 0810.333.081<\/p>\n\n\n\n<p>Centre anti-poison : 05.61.77.74.47   <\/p>\n\n\n\n<p>D\u00e9ch\u00e8terie :  depuis le 1er juin 2014, le syndicat TRIFYL a modifi\u00e9 les horaires  d&rsquo;ouverture de la d\u00e9ch\u00e8terie de Les Cabannes. Les nouveaux jours et  heures sont d\u00e9sormais : mardi, mercredi, vendredi, samedi de 9:00 \u00e0  12:00 et de 14:00 \u00e0 18H \/ T\u00e9l. : 05.63.56.19.01<\/p>\n\n\n\n<p><\/p>\n\n\n\n<p><\/p>\n\n\n\n<p><\/p>\n\n\n\n<p><\/p>\n","protected":false},"excerpt":{"rendered":"<p>Toute l\u2019ann\u00e9e et sans interruption, la commune de Mouzieys Panens met en \u0153uvre diff\u00e9rentes actions \u00e0 destination de ses habitants. D\u00e9couvrez ci-dessous plus d\u2019informations sur le boulanger itin\u00e9rant, le mara\u00eecher livreur de panier de l\u00e9gumes et les num\u00e9ros de t\u00e9l\u00e9phone de premi\u00e8re n\u00e9cessit\u00e9.&nbsp; Mouzieys-Panens est une commune de la communaut\u00e9 de communes du Cordais et &#8230; <a title=\"Les services\" class=\"read-more\" href=\"https:\/\/mouzieys-panens.fr\/index.php\/services\/\" aria-label=\"En savoir plus sur Les services\">Lire la suite<\/a><\/p>\n","protected":false},"author":1,"featured_media":0,"parent":0,"menu_order":0,"comment_status":"closed","ping_status":"closed","template":"","meta":{"footnotes":""},"_links":{"self":[{"href":"https:\/\/mouzieys-panens.fr\/index.php\/wp-json\/wp\/v2\/pages\/70"}],"collection":[{"href":"https:\/\/mouzieys-panens.fr\/index.php\/wp-json\/wp\/v2\/pages"}],"about":[{"href":"https:\/\/mouzieys-panens.fr\/index.php\/wp-json\/wp\/v2\/types\/page"}],"author":[{"embeddable":true,"href":"https:\/\/mouzieys-panens.fr\/index.php\/wp-json\/wp\/v2\/users\/1"}],"replies":[{"embeddable":true,"href":"https:\/\/mouzieys-panens.fr\/index.php\/wp-json\/wp\/v2\/comments?post=70"}],"version-history":[{"count":84,"href":"https:\/\/mouzieys-panens.fr\/index.php\/wp-json\/wp\/v2\/pages\/70\/revisions"}],"predecessor-version":[{"id":1847,"href":"https:\/\/mouzieys-panens.fr\/index.php\/wp-json\/wp\/v2\/pages\/70\/revisions\/1847"}],"wp:attachment":[{"href":"https:\/\/mouzieys-panens.fr\/index.php\/wp-json\/wp\/v2\/media?parent=70"}],"curies":[{"name":"wp","href":"https:\/\/api.w.org\/{rel}","templated":true}]}}