{"id":1159,"date":"2022-09-14T15:53:39","date_gmt":"2022-09-14T13:53:39","guid":{"rendered":"https:\/\/mouzieys-panens.fr\/?page_id=1159"},"modified":"2022-11-21T15:37:17","modified_gmt":"2022-11-21T14:37:17","slug":"arretes-non-affiches-a-lecran","status":"publish","type":"page","link":"https:\/\/mouzieys-panens.fr\/index.php\/arretes-non-affiches-a-lecran\/","title":{"rendered":"Arr\u00eat\u00e9s non affich\u00e9s \u00e0 l&rsquo;\u00e9cran"},"content":{"rendered":"\n<hr class=\"wp-block-separator has-alpha-channel-opacity\"\/>\n\n\n\n<h3 class=\"has-text-align-center wp-block-heading\"><strong>PROC\u00c8S VERBAL de la r\u00e9union <\/strong><\/h3>\n\n\n\n<h3 class=\"has-text-align-center wp-block-heading\"><strong>DU CONSEIL MUNICIPAL DE LA COMMUNE DE MOUZIEYS PANENS<\/strong><\/h3>\n\n\n\n<h3 class=\"has-text-align-center wp-block-heading\"><strong>S\u00e9ance du Conseil Municipal du 02 septembre 2022<\/strong><\/h3>\n\n\n\n<figure class=\"wp-block-image size-large\"><img loading=\"lazy\" decoding=\"async\" width=\"724\" height=\"1024\" src=\"https:\/\/mouzieys-panens.fr\/wp-content\/uploads\/2022\/09\/PV02_09_22a-724x1024.jpg\" alt=\"\" class=\"wp-image-1153\" srcset=\"https:\/\/mouzieys-panens.fr\/wp-content\/uploads\/2022\/09\/PV02_09_22a-724x1024.jpg 724w, https:\/\/mouzieys-panens.fr\/wp-content\/uploads\/2022\/09\/PV02_09_22a-212x300.jpg 212w, https:\/\/mouzieys-panens.fr\/wp-content\/uploads\/2022\/09\/PV02_09_22a-768x1087.jpg 768w, https:\/\/mouzieys-panens.fr\/wp-content\/uploads\/2022\/09\/PV02_09_22a.jpg 826w\" sizes=\"(max-width: 724px) 100vw, 724px\" \/><\/figure>\n\n\n\n<figure class=\"wp-block-image size-large\"><img loading=\"lazy\" decoding=\"async\" width=\"724\" height=\"1024\" src=\"https:\/\/mouzieys-panens.fr\/wp-content\/uploads\/2022\/09\/PV02_09_22b-724x1024.jpg\" alt=\"\" class=\"wp-image-1155\" srcset=\"https:\/\/mouzieys-panens.fr\/wp-content\/uploads\/2022\/09\/PV02_09_22b-724x1024.jpg 724w, https:\/\/mouzieys-panens.fr\/wp-content\/uploads\/2022\/09\/PV02_09_22b-212x300.jpg 212w, https:\/\/mouzieys-panens.fr\/wp-content\/uploads\/2022\/09\/PV02_09_22b-768x1087.jpg 768w, https:\/\/mouzieys-panens.fr\/wp-content\/uploads\/2022\/09\/PV02_09_22b.jpg 826w\" sizes=\"(max-width: 724px) 100vw, 724px\" \/><\/figure>\n\n\n\n<hr class=\"wp-block-separator has-alpha-channel-opacity\"\/>\n\n\n\n<h2 class=\"has-text-align-center wp-block-heading\"><strong>PROC\u00c8S VERBAL de la r\u00e9union DU CONSEIL MUNICIPAL DE LA COMMUNE DE MOUZIEYS PANENSS\u00e9ance du Conseil Municipal du 13 mai 2022<\/strong><\/h2>\n\n\n\n<div data-wp-interactive=\"core\/file\" class=\"wp-block-file\"><object data-wp-bind--hidden=\"!state.hasPdfPreview\"  class=\"wp-block-file__embed\" data=\"https:\/\/mouzieys-panens.fr\/wp-content\/uploads\/2022\/09\/PV24_06_22.pdf\" type=\"application\/pdf\" style=\"width:100%;height:600px\" aria-label=\"Contenu embarqu\u00e9 Contenu embarqu\u00e9 PV24_06_22..\"><\/object><a id=\"wp-block-file--media-904b8b7b-8716-40bc-9dab-de187f581431\" href=\"https:\/\/mouzieys-panens.fr\/wp-content\/uploads\/2022\/09\/PV24_06_22.pdf\">PV24_06_22<\/a><a href=\"https:\/\/mouzieys-panens.fr\/wp-content\/uploads\/2022\/09\/PV24_06_22.pdf\" class=\"wp-block-file__button\" download aria-describedby=\"wp-block-file--media-904b8b7b-8716-40bc-9dab-de187f581431\">T\u00e9l\u00e9charger<\/a><\/div>\n\n\n\n<hr class=\"wp-block-separator has-alpha-channel-opacity\"\/>\n\n\n\n<h2 class=\"has-text-align-center wp-block-heading\"><strong>PROC\u00c8S VERBAL de la r\u00e9union DU CONSEIL MUNICIPAL DE LA COMMUNE DE MOUZIEYS PANENSS\u00e9ance du Conseil Municipal du 04 mars 2022<\/strong><\/h2>\n\n\n\n<div data-wp-interactive=\"core\/file\" class=\"wp-block-file\"><object data-wp-bind--hidden=\"!state.hasPdfPreview\"  class=\"wp-block-file__embed\" data=\"https:\/\/mouzieys-panens.fr\/wp-content\/uploads\/2022\/09\/PV035.pdf\" type=\"application\/pdf\" style=\"width:100%;height:600px\" aria-label=\"Contenu embarqu\u00e9 Contenu embarqu\u00e9 PV035..\"><\/object><a id=\"wp-block-file--media-ff50e110-a791-4bd1-8472-f67c7f4a90ec\" href=\"https:\/\/mouzieys-panens.fr\/wp-content\/uploads\/2022\/09\/PV035.pdf\">PV035<\/a><a href=\"https:\/\/mouzieys-panens.fr\/wp-content\/uploads\/2022\/09\/PV035.pdf\" class=\"wp-block-file__button\" download aria-describedby=\"wp-block-file--media-ff50e110-a791-4bd1-8472-f67c7f4a90ec\">T\u00e9l\u00e9charger<\/a><\/div>\n\n\n\n<hr class=\"wp-block-separator has-alpha-channel-opacity\"\/>\n\n\n\n<h2 class=\"has-text-align-center wp-block-heading\"><strong>PROC\u00c8S VERBAL de la r\u00e9unionDU CONSEIL MUNICIPAL DE LA COMMUNE DE MOUZIEYS PANENSS\u00e9ance du Conseil Municipal du 28 janvier 2022<\/strong><\/h2>\n\n\n\n<div data-wp-interactive=\"core\/file\" class=\"wp-block-file\"><object data-wp-bind--hidden=\"!state.hasPdfPreview\"  class=\"wp-block-file__embed\" data=\"https:\/\/mouzieys-panens.fr\/wp-content\/uploads\/2022\/09\/PV.pdf\" type=\"application\/pdf\" style=\"width:100%;height:600px\" aria-label=\"Contenu embarqu\u00e9 Contenu embarqu\u00e9 PV..\"><\/object><a id=\"wp-block-file--media-b9f768a7-30cf-4344-baa2-c6cded0c4a4b\" href=\"https:\/\/mouzieys-panens.fr\/wp-content\/uploads\/2022\/09\/PV.pdf\">PV<\/a><a href=\"https:\/\/mouzieys-panens.fr\/wp-content\/uploads\/2022\/09\/PV.pdf\" class=\"wp-block-file__button\" download aria-describedby=\"wp-block-file--media-b9f768a7-30cf-4344-baa2-c6cded0c4a4b\">T\u00e9l\u00e9charger<\/a><\/div>\n\n\n\n<hr class=\"wp-block-separator has-alpha-channel-opacity\"\/>\n","protected":false},"excerpt":{"rendered":"<p>PROC\u00c8S VERBAL de la r\u00e9union DU CONSEIL MUNICIPAL DE LA COMMUNE DE MOUZIEYS PANENS S\u00e9ance du Conseil Municipal du 02 septembre 2022 PROC\u00c8S VERBAL de la r\u00e9union DU CONSEIL MUNICIPAL DE LA COMMUNE DE MOUZIEYS PANENSS\u00e9ance du Conseil Municipal du 13 mai 2022 PROC\u00c8S VERBAL de la r\u00e9union DU CONSEIL MUNICIPAL DE LA COMMUNE DE &#8230; <a title=\"Arr\u00eat\u00e9s non affich\u00e9s \u00e0 l&rsquo;\u00e9cran\" class=\"read-more\" href=\"https:\/\/mouzieys-panens.fr\/index.php\/arretes-non-affiches-a-lecran\/\" aria-label=\"En savoir plus sur Arr\u00eat\u00e9s non affich\u00e9s \u00e0 l&rsquo;\u00e9cran\">Lire la suite<\/a><\/p>\n","protected":false},"author":1,"featured_media":0,"parent":0,"menu_order":0,"comment_status":"closed","ping_status":"closed","template":"","meta":{"footnotes":""},"_links":{"self":[{"href":"https:\/\/mouzieys-panens.fr\/index.php\/wp-json\/wp\/v2\/pages\/1159"}],"collection":[{"href":"https:\/\/mouzieys-panens.fr\/index.php\/wp-json\/wp\/v2\/pages"}],"about":[{"href":"https:\/\/mouzieys-panens.fr\/index.php\/wp-json\/wp\/v2\/types\/page"}],"author":[{"embeddable":true,"href":"https:\/\/mouzieys-panens.fr\/index.php\/wp-json\/wp\/v2\/users\/1"}],"replies":[{"embeddable":true,"href":"https:\/\/mouzieys-panens.fr\/index.php\/wp-json\/wp\/v2\/comments?post=1159"}],"version-history":[{"count":6,"href":"https:\/\/mouzieys-panens.fr\/index.php\/wp-json\/wp\/v2\/pages\/1159\/revisions"}],"predecessor-version":[{"id":1268,"href":"https:\/\/mouzieys-panens.fr\/index.php\/wp-json\/wp\/v2\/pages\/1159\/revisions\/1268"}],"wp:attachment":[{"href":"https:\/\/mouzieys-panens.fr\/index.php\/wp-json\/wp\/v2\/media?parent=1159"}],"curies":[{"name":"wp","href":"https:\/\/api.w.org\/{rel}","templated":true}]}}